{"id":794,"date":"2024-08-24T17:20:53","date_gmt":"2024-08-24T15:20:53","guid":{"rendered":"https:\/\/miliffico.media-staging.at\/lavora-con-noi\/"},"modified":"2025-01-02T13:29:04","modified_gmt":"2025-01-02T12:29:04","slug":"lavora-con-noi","status":"publish","type":"page","link":"https:\/\/miliffico.media-staging.at\/it\/lavora-con-noi\/","title":{"rendered":"Lavora con noi"},"content":{"rendered":"<p><div class=\"fusion-fullwidth fullwidth-box fusion-builder-row-1 fusion-flex-container has-pattern-background has-mask-background fusion-parallax-none hundred-percent-fullwidth non-hundred-percent-height-scrolling\" style=\"--awb-border-radius-top-left:0px;--awb-border-radius-top-right:0px;--awb-border-radius-bottom-right:0px;--awb-border-radius-bottom-left:0px;--awb-padding-top:15%;--awb-padding-bottom:10%;--awb-padding-top-small:30%;--awb-padding-bottom-small:30%;--awb-background-image:linear-gradient(180deg, #000000 0%,rgba(255,255,255,0) 30%),url(https:\/\/miliffico.media-staging.at\/wp-content\/uploads\/2025\/01\/Miliffico-Mood-Foto-2024-v8.jpg);;--awb-background-size:cover;--awb-flex-wrap:wrap;\" ><div class=\"fusion-builder-row fusion-row fusion-flex-align-items-flex-start fusion-flex-content-wrap\" style=\"width:104% !important;max-width:104% !important;margin-left: calc(-4% \/ 2 );margin-right: calc(-4% \/ 2 );\"><div class=\"fusion-layout-column fusion_builder_column fusion-builder-column-0 fusion_builder_column_1_1 1_1 fusion-flex-column\" style=\"--awb-bg-size:cover;--awb-width-large:100%;--awb-margin-top-large:0px;--awb-spacing-right-large:1.92%;--awb-margin-bottom-large:20px;--awb-spacing-left-large:1.92%;--awb-width-medium:100%;--awb-order-medium:0;--awb-spacing-right-medium:1.92%;--awb-spacing-left-medium:1.92%;--awb-width-small:100%;--awb-order-small:0;--awb-spacing-right-small:1.92%;--awb-spacing-left-small:1.92%;\"><div class=\"fusion-column-wrapper fusion-column-has-shadow fusion-flex-justify-content-flex-start fusion-content-layout-column\"><\/div><\/div><\/div><\/div><div class=\"fusion-fullwidth fullwidth-box fusion-builder-row-2 fusion-flex-container has-pattern-background has-mask-background hundred-percent-fullwidth non-hundred-percent-height-scrolling\" style=\"--awb-border-radius-top-left:0px;--awb-border-radius-top-right:0px;--awb-border-radius-bottom-right:0px;--awb-border-radius-bottom-left:0px;--awb-padding-top:10%;--awb-padding-right:5%;--awb-padding-bottom:10%;--awb-padding-left:5%;--awb-flex-wrap:wrap;\" ><div class=\"fusion-builder-row fusion-row fusion-flex-align-items-flex-start fusion-flex-content-wrap\" style=\"width:104% !important;max-width:104% !important;margin-left: calc(-4% \/ 2 );margin-right: calc(-4% \/ 2 );\"><div class=\"fusion-layout-column fusion_builder_column fusion-builder-column-1 fusion_builder_column_1_2 1_2 fusion-flex-column\" style=\"--awb-bg-size:cover;--awb-width-large:50%;--awb-margin-top-large:0px;--awb-spacing-right-large:6.528%;--awb-margin-bottom-large:20px;--awb-spacing-left-large:3.84%;--awb-width-medium:50%;--awb-order-medium:0;--awb-spacing-right-medium:6.528%;--awb-spacing-left-medium:3.84%;--awb-width-small:100%;--awb-order-small:0;--awb-spacing-right-small:1.92%;--awb-spacing-left-small:1.92%;\"><div class=\"fusion-column-wrapper fusion-column-has-shadow fusion-flex-justify-content-flex-start fusion-content-layout-column\"><div class=\"fusion-title title fusion-title-1 fusion-sep-none fusion-title-text fusion-title-size-two\" style=\"--awb-text-color:#0033a0;--awb-font-size:60px;\"><h2 class=\"fusion-title-heading title-heading-left\" style=\"font-family:&quot;Instrument Sans Regular&quot;;font-style:normal;font-weight:400;margin:0;font-size:1em;line-height:1;\">Lavora con noi<\/h2><\/div><div class=\"fusion-text fusion-text-1\" style=\"--awb-font-size:15px;--awb-text-color:#0033a0;--awb-margin-top:5%;--awb-text-font-family:&quot;Instrument Sans Regular&quot;;--awb-text-font-style:normal;--awb-text-font-weight:400;\"><p>I nostri dipendenti sono il fiore all\u2019occhiello e soprattutto il valore aggiunto della nostra azienda. Responsabilit\u00e0, cortesia, affidabilit\u00e0, flessibilit\u00e0 e lealt\u00e0 cos\u00ec come una convivenza professionale e familiare creano le basi del successo della nostra collaborazione. I nostri dipendenti conoscono l\u2019importanza del loro ruolo all\u2019interno dell\u2019azienda e portano in s\u00e9 questo forte legame con l\u2019eccellenza italiana, che rispecchia la nostra azienda. I dipendenti che hanno voglia di crescere, si trovano bene nel nostro team.<\/p>\n<p>Per candidarsi alla posizione inviare curriculum con foto e numero di telefono a <a href=\"mailto:jobs@miliffico.com\">jobs@miliffico.com.<\/a><\/p>\n<\/div><div style=\"text-align:left;\"><a class=\"fusion-button button-flat fusion-button-default-size button-custom fusion-button-default button-1 fusion-button-default-span fusion-button-default-type fusion-has-button-gradient\" style=\"--button_accent_color:#0033a0;--button_border_color:#0033a0;--button_accent_hover_color:#0033a0;--button_border_hover_color:#0033a0;--button_border_width-top:1px;--button_border_width-right:1px;--button_border_width-bottom:1px;--button_border_width-left:1px;--button-border-radius-top-left:0;--button-border-radius-top-right:0;--button-border-radius-bottom-right:0;--button-border-radius-bottom-left:0;--button_gradient_top_color:rgba(28,28,28,0);--button_gradient_bottom_color:rgba(158,158,158,0);--button_gradient_top_color_hover:rgba(119,119,119,0);--button_gradient_bottom_color_hover:rgba(140,140,140,0);--button_font_size:15px;--button_padding-top:3%;--button_padding-right:3%;--button_padding-bottom:3%;--button_padding-left:3%;--button_typography-font-family:&quot;Instrument Sans Regular&quot;;--button_typography-font-style:normal;--button_typography-font-weight:400;\" target=\"_self\" href=\"#\"><span class=\"fusion-button-text\">SCHEDA TECNICA<\/span><\/a><\/div><\/div><\/div><\/div><\/div><\/p>\n","protected":false},"excerpt":{"rendered":"","protected":false},"author":1,"featured_media":0,"parent":0,"menu_order":0,"comment_status":"closed","ping_status":"closed","template":"100-width.php","meta":{"_themeisle_gutenberg_block_has_review":false,"footnotes":""},"class_list":["post-794","page","type-page","status-publish","hentry"],"_links":{"self":[{"href":"https:\/\/miliffico.media-staging.at\/it\/wp-json\/wp\/v2\/pages\/794","targetHints":{"allow":["GET"]}}],"collection":[{"href":"https:\/\/miliffico.media-staging.at\/it\/wp-json\/wp\/v2\/pages"}],"about":[{"href":"https:\/\/miliffico.media-staging.at\/it\/wp-json\/wp\/v2\/types\/page"}],"author":[{"embeddable":true,"href":"https:\/\/miliffico.media-staging.at\/it\/wp-json\/wp\/v2\/users\/1"}],"replies":[{"embeddable":true,"href":"https:\/\/miliffico.media-staging.at\/it\/wp-json\/wp\/v2\/comments?post=794"}],"version-history":[{"count":2,"href":"https:\/\/miliffico.media-staging.at\/it\/wp-json\/wp\/v2\/pages\/794\/revisions"}],"predecessor-version":[{"id":796,"href":"https:\/\/miliffico.media-staging.at\/it\/wp-json\/wp\/v2\/pages\/794\/revisions\/796"}],"wp:attachment":[{"href":"https:\/\/miliffico.media-staging.at\/it\/wp-json\/wp\/v2\/media?parent=794"}],"curies":[{"name":"wp","href":"https:\/\/api.w.org\/{rel}","templated":true}]}}