{"id":810,"date":"2024-08-24T16:33:43","date_gmt":"2024-08-24T14:33:43","guid":{"rendered":"https:\/\/miliffico.media-staging.at\/tartufo\/"},"modified":"2025-01-02T13:49:48","modified_gmt":"2025-01-02T12:49:48","slug":"tartufo","status":"publish","type":"page","link":"https:\/\/miliffico.media-staging.at\/it\/tartufo\/","title":{"rendered":"Tartufo"},"content":{"rendered":"<p><div class=\"fusion-fullwidth fullwidth-box fusion-builder-row-1 fusion-flex-container video-background has-pattern-background has-mask-background hundred-percent-fullwidth non-hundred-percent-height-scrolling\" style=\"--awb-border-radius-top-left:0px;--awb-border-radius-top-right:0px;--awb-border-radius-bottom-right:0px;--awb-border-radius-bottom-left:0px;--awb-padding-top:15%;--awb-padding-bottom:10%;--awb-padding-top-small:30%;--awb-padding-bottom-small:30%;--awb-background-image:linear-gradient(180deg, #000000 0%,rgba(255,255,255,0) 30%),url(https:\/\/miliffico.media-staging.at\/wp-content\/uploads\/2024\/08\/Header-Miliffi-Webseite-v6.jpg);;--awb-flex-wrap:wrap;\" ><div class=\"fullwidth-video\"><video preload=\"auto\" autoplay playsinline loop muted><source src=\"https:\/\/miliffico.media-staging.at\/wp-content\/uploads\/2025\/01\/truffle-header-v1_1.mp4\" type=\"video\/mp4\"><\/video><\/div><div class=\"fullwidth-overlay\" style=\"background-image: linear-gradient(180deg, #000000 0%,rgba(255,255,255,0) 30%);\"><\/div><div class=\"fusion-builder-row fusion-row fusion-flex-align-items-flex-start fusion-flex-content-wrap\" style=\"width:104% !important;max-width:104% !important;margin-left: calc(-4% \/ 2 );margin-right: calc(-4% \/ 2 );\"><div class=\"fusion-layout-column fusion_builder_column fusion-builder-column-0 fusion_builder_column_1_1 1_1 fusion-flex-column\" style=\"--awb-bg-size:cover;--awb-width-large:100%;--awb-margin-top-large:0px;--awb-spacing-right-large:1.92%;--awb-margin-bottom-large:20px;--awb-spacing-left-large:1.92%;--awb-width-medium:100%;--awb-order-medium:0;--awb-spacing-right-medium:1.92%;--awb-spacing-left-medium:1.92%;--awb-width-small:100%;--awb-order-small:0;--awb-spacing-right-small:1.92%;--awb-spacing-left-small:1.92%;\"><div class=\"fusion-column-wrapper fusion-column-has-shadow fusion-flex-justify-content-flex-start fusion-content-layout-column\"><\/div><\/div><\/div><\/div><div class=\"fusion-fullwidth fullwidth-box fusion-builder-row-2 fusion-flex-container has-pattern-background has-mask-background hundred-percent-fullwidth non-hundred-percent-height-scrolling\" style=\"--awb-border-radius-top-left:0px;--awb-border-radius-top-right:0px;--awb-border-radius-bottom-right:0px;--awb-border-radius-bottom-left:0px;--awb-padding-top:10%;--awb-padding-right:5%;--awb-padding-left:5%;--awb-flex-wrap:wrap;\" ><div class=\"fusion-builder-row fusion-row fusion-flex-align-items-flex-start fusion-flex-content-wrap\" style=\"width:104% !important;max-width:104% !important;margin-left: calc(-4% \/ 2 );margin-right: calc(-4% \/ 2 );\"><div class=\"fusion-layout-column fusion_builder_column fusion-builder-column-1 fusion_builder_column_1_2 1_2 fusion-flex-column\" style=\"--awb-bg-size:cover;--awb-width-large:50%;--awb-margin-top-large:0px;--awb-spacing-right-large:6.528%;--awb-margin-bottom-large:20px;--awb-spacing-left-large:3.84%;--awb-width-medium:50%;--awb-order-medium:0;--awb-spacing-right-medium:6.528%;--awb-spacing-left-medium:3.84%;--awb-width-small:100%;--awb-order-small:0;--awb-spacing-right-small:1.92%;--awb-spacing-left-small:1.92%;\"><div class=\"fusion-column-wrapper fusion-column-has-shadow fusion-flex-justify-content-flex-start fusion-content-layout-column\"><div class=\"fusion-title title fusion-title-1 fusion-sep-none fusion-title-text fusion-title-size-two\" style=\"--awb-text-color:#0033a0;--awb-font-size:60px;\"><h2 class=\"fusion-title-heading title-heading-left\" style=\"font-family:&quot;Instrument Sans Regular&quot;;font-style:normal;font-weight:400;margin:0;font-size:1em;line-height:1;\">Tartufo<\/h2><\/div><div class=\"fusion-text fusion-text-1\" style=\"--awb-font-size:15px;--awb-text-color:#0033a0;--awb-margin-top:5%;--awb-text-font-family:&quot;Instrument Sans Regular&quot;;--awb-text-font-style:normal;--awb-text-font-weight:400;\"><p>Luca Miliffi \u00e8 stato cresciuto a pane e tartufo, per lui questo tubero fa parte della vita, della famiglia. Arnaldo Miliffi, suo padre, fu pioniere in Austria dell&#8217;importazione e divulgazione di quello che viene definito il prodotto di maggior prestigio gastronomico al mondo. Oggi, attraverso l&#8217;azienda Miliffico, Luca riesce a rifornire il mercato austriaco tutti i giorni dell&#8217;anno. <\/p>\n<p>Il tartufo, sia quello bianco in autunno che quello nero, arriva e viene consegnato entro 24 ore dalla raccolta.<br \/>Non \u00e8 solo questa la capacit\u00e0 riconosciuta all&#8217;azienda, bens\u00ec quella della cavatura di eccellenza.<br \/>Infatti la famiglia Miliffi conosce le colline, i percorsi, ogni angolo di territorio che riesce a conferire al tartufo le caratteristiche uniche, ricche ed emozionali maggiori.<br \/>Questo per\u00f2 rimane il segreto di famiglia.   <\/p>\n<\/div><\/div><\/div><div class=\"fusion-layout-column fusion_builder_column fusion-builder-column-2 fusion_builder_column_1_2 1_2 fusion-flex-column\" style=\"--awb-bg-size:cover;--awb-width-large:50%;--awb-margin-top-large:0px;--awb-spacing-right-large:3.84%;--awb-margin-bottom-large:20px;--awb-spacing-left-large:3.84%;--awb-width-medium:50%;--awb-order-medium:0;--awb-spacing-right-medium:3.84%;--awb-spacing-left-medium:3.84%;--awb-width-small:100%;--awb-order-small:0;--awb-spacing-right-small:1.92%;--awb-spacing-left-small:1.92%;\"><div class=\"fusion-column-wrapper fusion-column-has-shadow fusion-flex-justify-content-flex-start fusion-content-layout-column\"><div class=\"fusion-image-element \" style=\"--awb-caption-title-font-family:var(--h2_typography-font-family);--awb-caption-title-font-weight:var(--h2_typography-font-weight);--awb-caption-title-font-style:var(--h2_typography-font-style);--awb-caption-title-size:var(--h2_typography-font-size);--awb-caption-title-transform:var(--h2_typography-text-transform);--awb-caption-title-line-height:var(--h2_typography-line-height);--awb-caption-title-letter-spacing:var(--h2_typography-letter-spacing);\"><span class=\" fusion-imageframe imageframe-none imageframe-1 hover-type-none\"><img decoding=\"async\" width=\"1260\" height=\"945\" title=\"Miliffico-Tartufo-v1\" src=\"https:\/\/miliffico.media-staging.at\/wp-content\/uploads\/2025\/01\/Miliffico-Tartufo-v1.jpg\" alt class=\"img-responsive wp-image-725\" srcset=\"https:\/\/miliffico.media-staging.at\/wp-content\/uploads\/2025\/01\/Miliffico-Tartufo-v1-200x150.jpg 200w, https:\/\/miliffico.media-staging.at\/wp-content\/uploads\/2025\/01\/Miliffico-Tartufo-v1-400x300.jpg 400w, https:\/\/miliffico.media-staging.at\/wp-content\/uploads\/2025\/01\/Miliffico-Tartufo-v1-600x450.jpg 600w, https:\/\/miliffico.media-staging.at\/wp-content\/uploads\/2025\/01\/Miliffico-Tartufo-v1-800x600.jpg 800w, https:\/\/miliffico.media-staging.at\/wp-content\/uploads\/2025\/01\/Miliffico-Tartufo-v1-1200x900.jpg 1200w, https:\/\/miliffico.media-staging.at\/wp-content\/uploads\/2025\/01\/Miliffico-Tartufo-v1.jpg 1260w\" sizes=\"(max-width: 640px) 100vw, 600px\" \/><\/span><\/div><\/div><\/div><\/div><\/div><div class=\"fusion-fullwidth fullwidth-box fusion-builder-row-3 fusion-flex-container has-pattern-background has-mask-background hundred-percent-fullwidth non-hundred-percent-height-scrolling\" style=\"--awb-border-radius-top-left:0px;--awb-border-radius-top-right:0px;--awb-border-radius-bottom-right:0px;--awb-border-radius-bottom-left:0px;--awb-padding-top:10%;--awb-padding-right:5%;--awb-padding-left:5%;--awb-flex-wrap:wrap;\" ><div class=\"fusion-builder-row fusion-row fusion-flex-align-items-flex-start fusion-flex-content-wrap\" style=\"width:104% !important;max-width:104% !important;margin-left: calc(-4% \/ 2 );margin-right: calc(-4% \/ 2 );\"><div class=\"fusion-layout-column fusion_builder_column fusion-builder-column-3 fusion_builder_column_1_2 1_2 fusion-flex-column\" style=\"--awb-bg-size:cover;--awb-width-large:50%;--awb-margin-top-large:0px;--awb-spacing-right-large:6.528%;--awb-margin-bottom-large:20px;--awb-spacing-left-large:3.84%;--awb-width-medium:50%;--awb-order-medium:0;--awb-spacing-right-medium:6.528%;--awb-spacing-left-medium:3.84%;--awb-width-small:100%;--awb-order-small:0;--awb-spacing-right-small:1.92%;--awb-spacing-left-small:1.92%;\"><div class=\"fusion-column-wrapper fusion-column-has-shadow fusion-flex-justify-content-flex-start fusion-content-layout-column\"><div class=\"fusion-image-element \" style=\"--awb-caption-title-font-family:var(--h2_typography-font-family);--awb-caption-title-font-weight:var(--h2_typography-font-weight);--awb-caption-title-font-style:var(--h2_typography-font-style);--awb-caption-title-size:var(--h2_typography-font-size);--awb-caption-title-transform:var(--h2_typography-text-transform);--awb-caption-title-line-height:var(--h2_typography-line-height);--awb-caption-title-letter-spacing:var(--h2_typography-letter-spacing);\"><span class=\" fusion-imageframe imageframe-none imageframe-2 hover-type-none\"><img decoding=\"async\" width=\"1260\" height=\"945\" title=\"Miliffico-Tartufo-v2\" src=\"https:\/\/miliffico.media-staging.at\/wp-content\/uploads\/2025\/01\/Miliffico-Tartufo-v2.jpg\" alt class=\"img-responsive wp-image-727\" srcset=\"https:\/\/miliffico.media-staging.at\/wp-content\/uploads\/2025\/01\/Miliffico-Tartufo-v2-200x150.jpg 200w, https:\/\/miliffico.media-staging.at\/wp-content\/uploads\/2025\/01\/Miliffico-Tartufo-v2-400x300.jpg 400w, https:\/\/miliffico.media-staging.at\/wp-content\/uploads\/2025\/01\/Miliffico-Tartufo-v2-600x450.jpg 600w, https:\/\/miliffico.media-staging.at\/wp-content\/uploads\/2025\/01\/Miliffico-Tartufo-v2-800x600.jpg 800w, https:\/\/miliffico.media-staging.at\/wp-content\/uploads\/2025\/01\/Miliffico-Tartufo-v2-1200x900.jpg 1200w, https:\/\/miliffico.media-staging.at\/wp-content\/uploads\/2025\/01\/Miliffico-Tartufo-v2.jpg 1260w\" sizes=\"(max-width: 640px) 100vw, 600px\" \/><\/span><\/div><\/div><\/div><div class=\"fusion-layout-column fusion_builder_column fusion-builder-column-4 fusion_builder_column_1_2 1_2 fusion-flex-column\" style=\"--awb-bg-size:cover;--awb-width-large:50%;--awb-margin-top-large:0px;--awb-spacing-right-large:3.84%;--awb-margin-bottom-large:20px;--awb-spacing-left-large:3.84%;--awb-width-medium:50%;--awb-order-medium:0;--awb-spacing-right-medium:3.84%;--awb-spacing-left-medium:3.84%;--awb-width-small:100%;--awb-order-small:0;--awb-spacing-right-small:1.92%;--awb-spacing-left-small:1.92%;\"><div class=\"fusion-column-wrapper fusion-column-has-shadow fusion-flex-justify-content-flex-start fusion-content-layout-column\"><div class=\"fusion-title title fusion-title-2 fusion-sep-none fusion-title-text fusion-title-size-two\" style=\"--awb-text-color:#0033a0;--awb-font-size:60px;\"><h2 class=\"fusion-title-heading title-heading-left\" style=\"font-family:&quot;Instrument Sans Regular&quot;;font-style:normal;font-weight:400;margin:0;font-size:1em;line-height:1;\">Scopriamo il tartufo<\/h2><\/div><div class=\"fusion-text fusion-text-2\" style=\"--awb-font-size:15px;--awb-text-color:#0033a0;--awb-text-font-family:&quot;Instrument Sans Regular&quot;;--awb-text-font-style:normal;--awb-text-font-weight:400;\"><p>Il tartufo \u00e8 un fungo ipogeo, cio\u00e8 cresce sottoterra.<\/p>\n<p>Le quattro variet\u00e0 pi\u00f9 conosciute e pregiate sono:<\/p>\n<p>&#8211; Tuber magnatum Pico<br \/>&#8211; Tuber uncinatum<br \/>&#8211; Tuber melanosporum Vitt.<br \/>&#8211; Tuber aestivum Vtt.<\/p>\n<p>\u00c8 importante utilizzare il nome scientifico in latino, affinch\u00e9 ogni specie di tartufo possa essere identificata senza errori. Il tartufo \u00e8 un alimento da sempre riconosciuto come prezioso e misterioso, sia per il metodo di ricerca che per il suo aroma. Sano e naturale, ma anche esoterico. \u00c8 considerato un superalimento, un afrodisiaco naturale che pu\u00f2 provocare felicit\u00e0 e piacere. <\/p>\n<\/div><\/div><\/div><\/div><\/div><div class=\"fusion-fullwidth fullwidth-box fusion-builder-row-4 fusion-flex-container has-pattern-background has-mask-background fusion-parallax-none hundred-percent-fullwidth non-hundred-percent-height-scrolling fusion-animated\" style=\"--awb-background-position-small:left center;--awb-border-radius-top-left:0px;--awb-border-radius-top-right:0px;--awb-border-radius-bottom-right:0px;--awb-border-radius-bottom-left:0px;--awb-padding-top:15%;--awb-padding-bottom:15%;--awb-margin-top:10%;--awb-background-image:url(&quot;https:\/\/miliffico.media-staging.at\/wp-content\/uploads\/2025\/01\/Miliffico-Mood-Foto-2024-v5.jpg&quot;);--awb-background-size:cover;--awb-flex-wrap:wrap;\" data-animationType=\"fadeIn\" data-animationDuration=\"2.7\" data-animationDelay=\"0.5\" data-animationOffset=\"top-into-view\" ><div class=\"fusion-builder-row fusion-row fusion-flex-align-items-flex-start fusion-flex-content-wrap\" style=\"width:104% !important;max-width:104% !important;margin-left: calc(-4% \/ 2 );margin-right: calc(-4% \/ 2 );\"><div class=\"fusion-layout-column fusion_builder_column fusion-builder-column-5 fusion_builder_column_1_1 1_1 fusion-flex-column\" style=\"--awb-bg-size:cover;--awb-width-large:100%;--awb-margin-top-large:0px;--awb-spacing-right-large:1.92%;--awb-margin-bottom-large:20px;--awb-spacing-left-large:1.92%;--awb-width-medium:100%;--awb-order-medium:0;--awb-spacing-right-medium:1.92%;--awb-spacing-left-medium:1.92%;--awb-width-small:100%;--awb-order-small:0;--awb-spacing-right-small:1.92%;--awb-spacing-left-small:1.92%;\"><div class=\"fusion-column-wrapper fusion-column-has-shadow fusion-flex-justify-content-flex-start fusion-content-layout-column\"><div class=\"fusion-title title fusion-title-3 fusion-sep-none fusion-title-center fusion-title-text fusion-title-size-one\" style=\"--awb-text-color:#ffffff;--awb-font-size:90px;\"><h1 class=\"fusion-title-heading title-heading-center\" style=\"font-family:&quot;Instrument Sans Regular&quot;;font-style:normal;font-weight:400;margin:0;font-size:1em;\">Conoscerci<\/h1><\/div><div style=\"text-align:center;\"><a class=\"fusion-button button-flat fusion-button-default-size button-custom fusion-button-default button-1 fusion-button-default-span fusion-has-button-gradient\" style=\"--button_accent_color:#ffffff;--button_border_color:#ffffff;--button_accent_hover_color:#000000;--button_border_hover_color:#ffffff;--button_border_width-top:1px;--button_border_width-right:1px;--button_border_width-bottom:1px;--button_border_width-left:1px;--button-border-radius-top-left:1px;--button-border-radius-top-right:1px;--button-border-radius-bottom-right:1px;--button-border-radius-bottom-left:1px;--button_gradient_top_color:rgba(99,99,99,0);--button_gradient_bottom_color:rgba(193,193,193,0);--button_gradient_top_color_hover:#ffffff;--button_gradient_bottom_color_hover:#ffffff;--button_text_transform:uppercase;--button_typography-font-family:&quot;Instrument Sans Regular&quot;;--button_typography-font-style:normal;--button_typography-font-weight:400;--button_margin-top:30px;\" target=\"_self\" href=\"https:\/\/miliffico.media-staging.at\/it\/eventi\/\"><span class=\"fusion-button-text\">Prossimi eventi<\/span><\/a><\/div><\/div><\/div><\/div><\/div><div class=\"fusion-fullwidth fullwidth-box fusion-builder-row-5 fusion-flex-container has-pattern-background has-mask-background hundred-percent-fullwidth non-hundred-percent-height-scrolling\" style=\"--awb-border-radius-top-left:0px;--awb-border-radius-top-right:0px;--awb-border-radius-bottom-right:0px;--awb-border-radius-bottom-left:0px;--awb-padding-top:10%;--awb-padding-right:5%;--awb-padding-bottom:10%;--awb-padding-left:5%;--awb-flex-wrap:wrap;\" ><div class=\"fusion-builder-row fusion-row fusion-flex-align-items-flex-start fusion-flex-content-wrap\" style=\"width:104% !important;max-width:104% !important;margin-left: calc(-4% \/ 2 );margin-right: calc(-4% \/ 2 );\"><div class=\"fusion-layout-column fusion_builder_column fusion-builder-column-6 fusion_builder_column_1_2 1_2 fusion-flex-column\" style=\"--awb-bg-size:cover;--awb-width-large:50%;--awb-margin-top-large:0px;--awb-spacing-right-large:6.528%;--awb-margin-bottom-large:20px;--awb-spacing-left-large:3.84%;--awb-width-medium:50%;--awb-order-medium:0;--awb-spacing-right-medium:6.528%;--awb-spacing-left-medium:3.84%;--awb-width-small:100%;--awb-order-small:0;--awb-spacing-right-small:1.92%;--awb-spacing-left-small:1.92%;\"><div class=\"fusion-column-wrapper fusion-column-has-shadow fusion-flex-justify-content-flex-start fusion-content-layout-column\"><div class=\"fusion-title title fusion-title-4 fusion-sep-none fusion-title-text fusion-title-size-two\" style=\"--awb-text-color:#0033a0;--awb-font-size:60px;\"><h2 class=\"fusion-title-heading title-heading-left\" style=\"font-family:&quot;Instrument Sans Regular&quot;;font-style:normal;font-weight:400;margin:0;font-size:1em;line-height:1;\">Le stagioni<\/h2><\/div><div class=\"fusion-text fusion-text-3\" style=\"--awb-font-size:15px;--awb-text-color:#0033a0;--awb-margin-top:5%;--awb-text-font-family:&quot;Instrument Sans Regular&quot;;--awb-text-font-style:normal;--awb-text-font-weight:400;\"><p>Le diverse variet\u00e0 di tartufo maturano in periodi differenti dell&#8217;anno e hanno caratteristiche diverse per quanto riguarda l&#8217;aspetto e l&#8217;aroma.<\/p>\n<p>&#8211; Tuber magnatum Pico da ottobre a dicembre<br \/>&#8211; Tuber uncinatum da ottobre a dicembre<br \/>&#8211; Tuber melanosporum Vitt. da dicembre a marzo<br \/>&#8211; Tuber aestivum Vtt. da giugno ad agosto  <\/p>\n<\/div><\/div><\/div><div class=\"fusion-layout-column fusion_builder_column fusion-builder-column-7 fusion_builder_column_1_2 1_2 fusion-flex-column\" style=\"--awb-bg-size:cover;--awb-width-large:50%;--awb-margin-top-large:0px;--awb-spacing-right-large:3.84%;--awb-margin-bottom-large:20px;--awb-spacing-left-large:3.84%;--awb-width-medium:50%;--awb-order-medium:0;--awb-spacing-right-medium:3.84%;--awb-spacing-left-medium:3.84%;--awb-width-small:100%;--awb-order-small:0;--awb-spacing-right-small:1.92%;--awb-spacing-left-small:1.92%;\"><div class=\"fusion-column-wrapper fusion-column-has-shadow fusion-flex-justify-content-flex-start fusion-content-layout-column\"><div class=\"fusion-image-element \" style=\"--awb-margin-bottom:3%;--awb-caption-title-font-family:var(--h2_typography-font-family);--awb-caption-title-font-weight:var(--h2_typography-font-weight);--awb-caption-title-font-style:var(--h2_typography-font-style);--awb-caption-title-size:var(--h2_typography-font-size);--awb-caption-title-transform:var(--h2_typography-text-transform);--awb-caption-title-line-height:var(--h2_typography-line-height);--awb-caption-title-letter-spacing:var(--h2_typography-letter-spacing);\"><span class=\" fusion-imageframe imageframe-none imageframe-3 hover-type-none\"><img decoding=\"async\" width=\"1260\" height=\"945\" title=\"Miliffico-Tartufo-v3\" src=\"https:\/\/miliffico.media-staging.at\/wp-content\/uploads\/2025\/01\/Miliffico-Tartufo-v3.jpg\" alt class=\"img-responsive wp-image-729\" srcset=\"https:\/\/miliffico.media-staging.at\/wp-content\/uploads\/2025\/01\/Miliffico-Tartufo-v3-200x150.jpg 200w, https:\/\/miliffico.media-staging.at\/wp-content\/uploads\/2025\/01\/Miliffico-Tartufo-v3-400x300.jpg 400w, https:\/\/miliffico.media-staging.at\/wp-content\/uploads\/2025\/01\/Miliffico-Tartufo-v3-600x450.jpg 600w, https:\/\/miliffico.media-staging.at\/wp-content\/uploads\/2025\/01\/Miliffico-Tartufo-v3-800x600.jpg 800w, https:\/\/miliffico.media-staging.at\/wp-content\/uploads\/2025\/01\/Miliffico-Tartufo-v3-1200x900.jpg 1200w, https:\/\/miliffico.media-staging.at\/wp-content\/uploads\/2025\/01\/Miliffico-Tartufo-v3.jpg 1260w\" sizes=\"(max-width: 640px) 100vw, 600px\" \/><\/span><\/div><div class=\"fusion-image-element \" style=\"--awb-caption-title-font-family:var(--h2_typography-font-family);--awb-caption-title-font-weight:var(--h2_typography-font-weight);--awb-caption-title-font-style:var(--h2_typography-font-style);--awb-caption-title-size:var(--h2_typography-font-size);--awb-caption-title-transform:var(--h2_typography-text-transform);--awb-caption-title-line-height:var(--h2_typography-line-height);--awb-caption-title-letter-spacing:var(--h2_typography-letter-spacing);\"><span class=\" fusion-imageframe imageframe-none imageframe-4 hover-type-none\"><img decoding=\"async\" width=\"1260\" height=\"945\" title=\"Miliffico-Tartufo-v4\" src=\"https:\/\/miliffico.media-staging.at\/wp-content\/uploads\/2025\/01\/Miliffico-Tartufo-v4.jpg\" alt class=\"img-responsive wp-image-731\" srcset=\"https:\/\/miliffico.media-staging.at\/wp-content\/uploads\/2025\/01\/Miliffico-Tartufo-v4-200x150.jpg 200w, https:\/\/miliffico.media-staging.at\/wp-content\/uploads\/2025\/01\/Miliffico-Tartufo-v4-400x300.jpg 400w, https:\/\/miliffico.media-staging.at\/wp-content\/uploads\/2025\/01\/Miliffico-Tartufo-v4-600x450.jpg 600w, https:\/\/miliffico.media-staging.at\/wp-content\/uploads\/2025\/01\/Miliffico-Tartufo-v4-800x600.jpg 800w, https:\/\/miliffico.media-staging.at\/wp-content\/uploads\/2025\/01\/Miliffico-Tartufo-v4-1200x900.jpg 1200w, https:\/\/miliffico.media-staging.at\/wp-content\/uploads\/2025\/01\/Miliffico-Tartufo-v4.jpg 1260w\" sizes=\"(max-width: 640px) 100vw, 600px\" \/><\/span><\/div><\/div><\/div><\/div><\/div><\/p>\n","protected":false},"excerpt":{"rendered":"","protected":false},"author":1,"featured_media":0,"parent":0,"menu_order":0,"comment_status":"closed","ping_status":"closed","template":"100-width.php","meta":{"_themeisle_gutenberg_block_has_review":false,"footnotes":""},"class_list":["post-810","page","type-page","status-publish","hentry"],"_links":{"self":[{"href":"https:\/\/miliffico.media-staging.at\/it\/wp-json\/wp\/v2\/pages\/810","targetHints":{"allow":["GET"]}}],"collection":[{"href":"https:\/\/miliffico.media-staging.at\/it\/wp-json\/wp\/v2\/pages"}],"about":[{"href":"https:\/\/miliffico.media-staging.at\/it\/wp-json\/wp\/v2\/types\/page"}],"author":[{"embeddable":true,"href":"https:\/\/miliffico.media-staging.at\/it\/wp-json\/wp\/v2\/users\/1"}],"replies":[{"embeddable":true,"href":"https:\/\/miliffico.media-staging.at\/it\/wp-json\/wp\/v2\/comments?post=810"}],"version-history":[{"count":2,"href":"https:\/\/miliffico.media-staging.at\/it\/wp-json\/wp\/v2\/pages\/810\/revisions"}],"predecessor-version":[{"id":812,"href":"https:\/\/miliffico.media-staging.at\/it\/wp-json\/wp\/v2\/pages\/810\/revisions\/812"}],"wp:attachment":[{"href":"https:\/\/miliffico.media-staging.at\/it\/wp-json\/wp\/v2\/media?parent=810"}],"curies":[{"name":"wp","href":"https:\/\/api.w.org\/{rel}","templated":true}]}}