{"id":813,"date":"2024-08-06T16:56:51","date_gmt":"2024-08-06T14:56:51","guid":{"rendered":"https:\/\/miliffico.media-staging.at\/chi-siamo\/"},"modified":"2025-01-02T13:51:44","modified_gmt":"2025-01-02T12:51:44","slug":"chi-siamo","status":"publish","type":"page","link":"https:\/\/miliffico.media-staging.at\/it\/chi-siamo\/","title":{"rendered":"Chi siamo"},"content":{"rendered":"<p><div class=\"fusion-fullwidth fullwidth-box fusion-builder-row-1 fusion-flex-container has-pattern-background has-mask-background fusion-parallax-none hundred-percent-fullwidth non-hundred-percent-height-scrolling\" style=\"--awb-border-radius-top-left:0px;--awb-border-radius-top-right:0px;--awb-border-radius-bottom-right:0px;--awb-border-radius-bottom-left:0px;--awb-padding-top:15%;--awb-padding-bottom:10%;--awb-padding-top-small:30%;--awb-padding-bottom-small:30%;--awb-background-image:linear-gradient(180deg, #000000 0%,rgba(255,255,255,0) 30%),url(https:\/\/miliffico.media-staging.at\/wp-content\/uploads\/2025\/01\/Miliffico-Mood-Foto-2024-v4.jpg);;--awb-background-size:cover;--awb-flex-wrap:wrap;\" ><div class=\"fusion-builder-row fusion-row fusion-flex-align-items-flex-start fusion-flex-content-wrap\" style=\"width:104% !important;max-width:104% !important;margin-left: calc(-4% \/ 2 );margin-right: calc(-4% \/ 2 );\"><div class=\"fusion-layout-column fusion_builder_column fusion-builder-column-0 fusion_builder_column_1_1 1_1 fusion-flex-column\" style=\"--awb-bg-size:cover;--awb-width-large:100%;--awb-margin-top-large:0px;--awb-spacing-right-large:1.92%;--awb-margin-bottom-large:20px;--awb-spacing-left-large:1.92%;--awb-width-medium:100%;--awb-order-medium:0;--awb-spacing-right-medium:1.92%;--awb-spacing-left-medium:1.92%;--awb-width-small:100%;--awb-order-small:0;--awb-spacing-right-small:1.92%;--awb-spacing-left-small:1.92%;\"><div class=\"fusion-column-wrapper fusion-column-has-shadow fusion-flex-justify-content-flex-start fusion-content-layout-column\"><\/div><\/div><\/div><\/div><div class=\"fusion-fullwidth fullwidth-box fusion-builder-row-2 fusion-flex-container has-pattern-background has-mask-background hundred-percent-fullwidth non-hundred-percent-height-scrolling\" style=\"--awb-border-radius-top-left:0px;--awb-border-radius-top-right:0px;--awb-border-radius-bottom-right:0px;--awb-border-radius-bottom-left:0px;--awb-padding-top:10%;--awb-padding-right:5%;--awb-padding-bottom:10%;--awb-padding-left:5%;--awb-flex-wrap:wrap;\" ><div class=\"fusion-builder-row fusion-row fusion-flex-align-items-flex-start fusion-flex-content-wrap\" style=\"width:104% !important;max-width:104% !important;margin-left: calc(-4% \/ 2 );margin-right: calc(-4% \/ 2 );\"><div class=\"fusion-layout-column fusion_builder_column fusion-builder-column-1 fusion_builder_column_1_2 1_2 fusion-flex-column\" style=\"--awb-bg-size:cover;--awb-width-large:50%;--awb-margin-top-large:0px;--awb-spacing-right-large:6.528%;--awb-margin-bottom-large:20px;--awb-spacing-left-large:3.84%;--awb-width-medium:50%;--awb-order-medium:0;--awb-spacing-right-medium:6.528%;--awb-spacing-left-medium:3.84%;--awb-width-small:100%;--awb-order-small:0;--awb-spacing-right-small:1.92%;--awb-spacing-left-small:1.92%;\"><div class=\"fusion-column-wrapper fusion-column-has-shadow fusion-flex-justify-content-flex-start fusion-content-layout-column\"><div class=\"fusion-title title fusion-title-1 fusion-sep-none fusion-title-text fusion-title-size-two\" style=\"--awb-text-color:#0033a0;--awb-font-size:60px;\"><h2 class=\"fusion-title-heading title-heading-left\" style=\"font-family:&quot;Instrument Sans Regular&quot;;font-style:normal;font-weight:400;margin:0;font-size:1em;line-height:1;\">Chi siamo<\/h2><\/div><div class=\"fusion-text fusion-text-1\" style=\"--awb-font-size:15px;--awb-text-color:#0033a0;--awb-margin-top:5%;--awb-text-font-family:&quot;Instrument Sans Regular&quot;;--awb-text-font-style:normal;--awb-text-font-weight:400;\"><p>Miliffico nasce dalla tenacia e dalla passione di una famiglia, dal lavoro quotidiano, dalla conoscenza e dalla gioia che derivano dal buon cibo.<\/p>\n<p>L&#8217;azienda \u00e8 nata ufficialmente nel 1997 a Piobbico, nelle Marche.<\/p>\n<p>Negli anni &#8217;80, il Sig. Arnaldo Miliffi, ex pilota militare e successivamente ingegnere presso l&#8217;ENI di Enrico Mattei, inizi\u00f2 ad appassionarsi alla raccolta e distribuzione del tartufo pregiato di qualit\u00e0 in Austria, diventandone pioniere del settore.<\/p>\n<\/div><\/div><\/div><div class=\"fusion-layout-column fusion_builder_column fusion-builder-column-2 fusion_builder_column_1_2 1_2 fusion-flex-column\" style=\"--awb-bg-size:cover;--awb-width-large:50%;--awb-margin-top-large:0px;--awb-spacing-right-large:3.84%;--awb-margin-bottom-large:20px;--awb-spacing-left-large:3.84%;--awb-width-medium:50%;--awb-order-medium:0;--awb-spacing-right-medium:3.84%;--awb-spacing-left-medium:3.84%;--awb-width-small:100%;--awb-order-small:0;--awb-spacing-right-small:1.92%;--awb-spacing-left-small:1.92%;\"><div class=\"fusion-column-wrapper fusion-column-has-shadow fusion-flex-justify-content-flex-start fusion-content-layout-column\"><div class=\"fusion-image-element \" style=\"--awb-caption-title-font-family:var(--h2_typography-font-family);--awb-caption-title-font-weight:var(--h2_typography-font-weight);--awb-caption-title-font-style:var(--h2_typography-font-style);--awb-caption-title-size:var(--h2_typography-font-size);--awb-caption-title-transform:var(--h2_typography-text-transform);--awb-caption-title-line-height:var(--h2_typography-line-height);--awb-caption-title-letter-spacing:var(--h2_typography-letter-spacing);\"><span class=\" fusion-imageframe imageframe-none imageframe-1 hover-type-none\"><img decoding=\"async\" width=\"1260\" height=\"945\" title=\"Miliffico-Discrover-the-Italian-Taste-Subpages-Mood-v6\" src=\"https:\/\/miliffico.media-staging.at\/wp-content\/uploads\/2025\/01\/Miliffico-Discrover-the-Italian-Taste-Subpages-Mood-v6.jpg\" alt class=\"img-responsive wp-image-719\" srcset=\"https:\/\/miliffico.media-staging.at\/wp-content\/uploads\/2025\/01\/Miliffico-Discrover-the-Italian-Taste-Subpages-Mood-v6-200x150.jpg 200w, https:\/\/miliffico.media-staging.at\/wp-content\/uploads\/2025\/01\/Miliffico-Discrover-the-Italian-Taste-Subpages-Mood-v6-400x300.jpg 400w, https:\/\/miliffico.media-staging.at\/wp-content\/uploads\/2025\/01\/Miliffico-Discrover-the-Italian-Taste-Subpages-Mood-v6-600x450.jpg 600w, https:\/\/miliffico.media-staging.at\/wp-content\/uploads\/2025\/01\/Miliffico-Discrover-the-Italian-Taste-Subpages-Mood-v6-800x600.jpg 800w, https:\/\/miliffico.media-staging.at\/wp-content\/uploads\/2025\/01\/Miliffico-Discrover-the-Italian-Taste-Subpages-Mood-v6-1200x900.jpg 1200w, https:\/\/miliffico.media-staging.at\/wp-content\/uploads\/2025\/01\/Miliffico-Discrover-the-Italian-Taste-Subpages-Mood-v6.jpg 1260w\" sizes=\"(max-width: 640px) 100vw, 600px\" \/><\/span><\/div><\/div><\/div><\/div><\/div><div class=\"fusion-fullwidth fullwidth-box fusion-builder-row-3 fusion-flex-container has-pattern-background has-mask-background fusion-parallax-none hundred-percent-fullwidth non-hundred-percent-height-scrolling\" style=\"--awb-border-radius-top-left:0px;--awb-border-radius-top-right:0px;--awb-border-radius-bottom-right:0px;--awb-border-radius-bottom-left:0px;--awb-padding-top:15%;--awb-padding-bottom:10%;--awb-background-image:linear-gradient(180deg, #000000 0%,rgba(255,255,255,0) 30%),url(https:\/\/miliffico.media-staging.at\/wp-content\/uploads\/2025\/01\/Miliffico-Mood-Foto-2024-v11.jpg);;--awb-background-size:cover;--awb-flex-wrap:wrap;\" ><div class=\"fusion-builder-row fusion-row fusion-flex-align-items-flex-start fusion-flex-content-wrap\" style=\"width:104% !important;max-width:104% !important;margin-left: calc(-4% \/ 2 );margin-right: calc(-4% \/ 2 );\"><div class=\"fusion-layout-column fusion_builder_column fusion-builder-column-3 fusion_builder_column_1_1 1_1 fusion-flex-column\" style=\"--awb-bg-size:cover;--awb-width-large:100%;--awb-margin-top-large:0px;--awb-spacing-right-large:1.92%;--awb-margin-bottom-large:20px;--awb-spacing-left-large:1.92%;--awb-width-medium:100%;--awb-order-medium:0;--awb-spacing-right-medium:1.92%;--awb-spacing-left-medium:1.92%;--awb-width-small:100%;--awb-order-small:0;--awb-spacing-right-small:1.92%;--awb-spacing-left-small:1.92%;\"><div class=\"fusion-column-wrapper fusion-column-has-shadow fusion-flex-justify-content-flex-start fusion-content-layout-column\"><\/div><\/div><\/div><\/div><div class=\"fusion-fullwidth fullwidth-box fusion-builder-row-4 fusion-flex-container has-pattern-background has-mask-background nonhundred-percent-fullwidth non-hundred-percent-height-scrolling\" style=\"--awb-border-radius-top-left:0px;--awb-border-radius-top-right:0px;--awb-border-radius-bottom-right:0px;--awb-border-radius-bottom-left:0px;--awb-padding-top:10%;--awb-flex-wrap:wrap;\" ><div class=\"fusion-builder-row fusion-row fusion-flex-align-items-flex-start fusion-flex-content-wrap\" style=\"max-width:1248px;margin-left: calc(-4% \/ 2 );margin-right: calc(-4% \/ 2 );\"><div class=\"fusion-layout-column fusion_builder_column fusion-builder-column-4 fusion_builder_column_1_3 1_3 fusion-flex-column\" style=\"--awb-bg-size:cover;--awb-width-large:33.333333333333%;--awb-margin-top-large:0px;--awb-spacing-right-large:5.76%;--awb-margin-bottom-large:20px;--awb-spacing-left-large:5.76%;--awb-width-medium:33.333333333333%;--awb-order-medium:0;--awb-spacing-right-medium:5.76%;--awb-spacing-left-medium:5.76%;--awb-width-small:100%;--awb-order-small:0;--awb-spacing-right-small:1.92%;--awb-spacing-left-small:1.92%;\"><div class=\"fusion-column-wrapper fusion-column-has-shadow fusion-flex-justify-content-flex-start fusion-content-layout-column\"><div class=\"fusion-image-element \" style=\"text-align:center;--awb-caption-title-font-family:var(--h2_typography-font-family);--awb-caption-title-font-weight:var(--h2_typography-font-weight);--awb-caption-title-font-style:var(--h2_typography-font-style);--awb-caption-title-size:var(--h2_typography-font-size);--awb-caption-title-transform:var(--h2_typography-text-transform);--awb-caption-title-line-height:var(--h2_typography-line-height);--awb-caption-title-letter-spacing:var(--h2_typography-letter-spacing);\"><span class=\" fusion-imageframe imageframe-none imageframe-2 hover-type-zoomin\"><img decoding=\"async\" width=\"1260\" height=\"945\" title=\"Miliffico-Discrover-the-Italian-Taste-Subpages-Mood-v4\" src=\"https:\/\/miliffico.media-staging.at\/wp-content\/uploads\/2025\/01\/Miliffico-Discrover-the-Italian-Taste-Subpages-Mood-v4.jpg\" alt class=\"img-responsive wp-image-715\" srcset=\"https:\/\/miliffico.media-staging.at\/wp-content\/uploads\/2025\/01\/Miliffico-Discrover-the-Italian-Taste-Subpages-Mood-v4-200x150.jpg 200w, https:\/\/miliffico.media-staging.at\/wp-content\/uploads\/2025\/01\/Miliffico-Discrover-the-Italian-Taste-Subpages-Mood-v4-400x300.jpg 400w, https:\/\/miliffico.media-staging.at\/wp-content\/uploads\/2025\/01\/Miliffico-Discrover-the-Italian-Taste-Subpages-Mood-v4-600x450.jpg 600w, https:\/\/miliffico.media-staging.at\/wp-content\/uploads\/2025\/01\/Miliffico-Discrover-the-Italian-Taste-Subpages-Mood-v4-800x600.jpg 800w, https:\/\/miliffico.media-staging.at\/wp-content\/uploads\/2025\/01\/Miliffico-Discrover-the-Italian-Taste-Subpages-Mood-v4-1200x900.jpg 1200w, https:\/\/miliffico.media-staging.at\/wp-content\/uploads\/2025\/01\/Miliffico-Discrover-the-Italian-Taste-Subpages-Mood-v4.jpg 1260w\" sizes=\"(max-width: 640px) 100vw, 400px\" \/><\/span><\/div><\/div><\/div><div class=\"fusion-layout-column fusion_builder_column fusion-builder-column-5 fusion_builder_column_1_3 1_3 fusion-flex-column\" style=\"--awb-bg-size:cover;--awb-width-large:33.333333333333%;--awb-margin-top-large:0px;--awb-spacing-right-large:5.76%;--awb-margin-bottom-large:20px;--awb-spacing-left-large:5.76%;--awb-width-medium:33.333333333333%;--awb-order-medium:0;--awb-spacing-right-medium:5.76%;--awb-spacing-left-medium:5.76%;--awb-width-small:100%;--awb-order-small:0;--awb-spacing-right-small:1.92%;--awb-spacing-left-small:1.92%;\"><div class=\"fusion-column-wrapper fusion-column-has-shadow fusion-flex-justify-content-flex-start fusion-content-layout-column\"><div class=\"fusion-image-element \" style=\"text-align:center;--awb-caption-title-font-family:var(--h2_typography-font-family);--awb-caption-title-font-weight:var(--h2_typography-font-weight);--awb-caption-title-font-style:var(--h2_typography-font-style);--awb-caption-title-size:var(--h2_typography-font-size);--awb-caption-title-transform:var(--h2_typography-text-transform);--awb-caption-title-line-height:var(--h2_typography-line-height);--awb-caption-title-letter-spacing:var(--h2_typography-letter-spacing);\"><span class=\" fusion-imageframe imageframe-none imageframe-3 hover-type-zoomin\"><img decoding=\"async\" width=\"1260\" height=\"945\" title=\"Miliffico-Discrover-the-Italian-Taste-Subpages-Mood-v2\" src=\"https:\/\/miliffico.media-staging.at\/wp-content\/uploads\/2025\/01\/Miliffico-Discrover-the-Italian-Taste-Subpages-Mood-v2.jpg\" alt class=\"img-responsive wp-image-711\" srcset=\"https:\/\/miliffico.media-staging.at\/wp-content\/uploads\/2025\/01\/Miliffico-Discrover-the-Italian-Taste-Subpages-Mood-v2-200x150.jpg 200w, https:\/\/miliffico.media-staging.at\/wp-content\/uploads\/2025\/01\/Miliffico-Discrover-the-Italian-Taste-Subpages-Mood-v2-400x300.jpg 400w, https:\/\/miliffico.media-staging.at\/wp-content\/uploads\/2025\/01\/Miliffico-Discrover-the-Italian-Taste-Subpages-Mood-v2-600x450.jpg 600w, https:\/\/miliffico.media-staging.at\/wp-content\/uploads\/2025\/01\/Miliffico-Discrover-the-Italian-Taste-Subpages-Mood-v2-800x600.jpg 800w, https:\/\/miliffico.media-staging.at\/wp-content\/uploads\/2025\/01\/Miliffico-Discrover-the-Italian-Taste-Subpages-Mood-v2-1200x900.jpg 1200w, https:\/\/miliffico.media-staging.at\/wp-content\/uploads\/2025\/01\/Miliffico-Discrover-the-Italian-Taste-Subpages-Mood-v2.jpg 1260w\" sizes=\"(max-width: 640px) 100vw, 400px\" \/><\/span><\/div><\/div><\/div><div class=\"fusion-layout-column fusion_builder_column fusion-builder-column-6 fusion_builder_column_1_3 1_3 fusion-flex-column\" style=\"--awb-bg-size:cover;--awb-width-large:33.333333333333%;--awb-margin-top-large:0px;--awb-spacing-right-large:5.76%;--awb-margin-bottom-large:20px;--awb-spacing-left-large:5.76%;--awb-width-medium:33.333333333333%;--awb-order-medium:0;--awb-spacing-right-medium:5.76%;--awb-spacing-left-medium:5.76%;--awb-width-small:100%;--awb-order-small:0;--awb-spacing-right-small:1.92%;--awb-spacing-left-small:1.92%;\"><div class=\"fusion-column-wrapper fusion-column-has-shadow fusion-flex-justify-content-flex-start fusion-content-layout-column\"><div class=\"fusion-image-element \" style=\"text-align:center;--awb-caption-title-font-family:var(--h2_typography-font-family);--awb-caption-title-font-weight:var(--h2_typography-font-weight);--awb-caption-title-font-style:var(--h2_typography-font-style);--awb-caption-title-size:var(--h2_typography-font-size);--awb-caption-title-transform:var(--h2_typography-text-transform);--awb-caption-title-line-height:var(--h2_typography-line-height);--awb-caption-title-letter-spacing:var(--h2_typography-letter-spacing);\"><span class=\" fusion-imageframe imageframe-none imageframe-4 hover-type-zoomin\"><img decoding=\"async\" width=\"1260\" height=\"945\" title=\"Miliffico-Discrover-the-Italian-Taste-Subpages-Mood-v3\" src=\"https:\/\/miliffico.media-staging.at\/wp-content\/uploads\/2025\/01\/Miliffico-Discrover-the-Italian-Taste-Subpages-Mood-v3.jpg\" alt class=\"img-responsive wp-image-713\" srcset=\"https:\/\/miliffico.media-staging.at\/wp-content\/uploads\/2025\/01\/Miliffico-Discrover-the-Italian-Taste-Subpages-Mood-v3-200x150.jpg 200w, https:\/\/miliffico.media-staging.at\/wp-content\/uploads\/2025\/01\/Miliffico-Discrover-the-Italian-Taste-Subpages-Mood-v3-400x300.jpg 400w, https:\/\/miliffico.media-staging.at\/wp-content\/uploads\/2025\/01\/Miliffico-Discrover-the-Italian-Taste-Subpages-Mood-v3-600x450.jpg 600w, https:\/\/miliffico.media-staging.at\/wp-content\/uploads\/2025\/01\/Miliffico-Discrover-the-Italian-Taste-Subpages-Mood-v3-800x600.jpg 800w, https:\/\/miliffico.media-staging.at\/wp-content\/uploads\/2025\/01\/Miliffico-Discrover-the-Italian-Taste-Subpages-Mood-v3-1200x900.jpg 1200w, https:\/\/miliffico.media-staging.at\/wp-content\/uploads\/2025\/01\/Miliffico-Discrover-the-Italian-Taste-Subpages-Mood-v3.jpg 1260w\" sizes=\"(max-width: 640px) 100vw, 400px\" \/><\/span><\/div><\/div><\/div><\/div><\/div><div class=\"fusion-fullwidth fullwidth-box fusion-builder-row-5 fusion-flex-container has-pattern-background has-mask-background hundred-percent-fullwidth non-hundred-percent-height-scrolling\" style=\"--awb-border-radius-top-left:0px;--awb-border-radius-top-right:0px;--awb-border-radius-bottom-right:0px;--awb-border-radius-bottom-left:0px;--awb-padding-top:10%;--awb-padding-right:5%;--awb-padding-bottom:10%;--awb-padding-left:5%;--awb-flex-wrap:wrap;\" ><div class=\"fusion-builder-row fusion-row fusion-flex-align-items-flex-start fusion-flex-content-wrap\" style=\"width:104% !important;max-width:104% !important;margin-left: calc(-4% \/ 2 );margin-right: calc(-4% \/ 2 );\"><div class=\"fusion-layout-column fusion_builder_column fusion-builder-column-7 fusion_builder_column_1_2 1_2 fusion-flex-column\" style=\"--awb-bg-size:cover;--awb-width-large:50%;--awb-margin-top-large:0px;--awb-spacing-right-large:6.528%;--awb-margin-bottom-large:20px;--awb-spacing-left-large:3.84%;--awb-width-medium:50%;--awb-order-medium:0;--awb-spacing-right-medium:6.528%;--awb-spacing-left-medium:3.84%;--awb-width-small:100%;--awb-order-small:0;--awb-spacing-right-small:1.92%;--awb-spacing-left-small:1.92%;\"><div class=\"fusion-column-wrapper fusion-column-has-shadow fusion-flex-justify-content-flex-start fusion-content-layout-column\"><div class=\"fusion-image-element \" style=\"--awb-caption-title-font-family:var(--h2_typography-font-family);--awb-caption-title-font-weight:var(--h2_typography-font-weight);--awb-caption-title-font-style:var(--h2_typography-font-style);--awb-caption-title-size:var(--h2_typography-font-size);--awb-caption-title-transform:var(--h2_typography-text-transform);--awb-caption-title-line-height:var(--h2_typography-line-height);--awb-caption-title-letter-spacing:var(--h2_typography-letter-spacing);\"><span class=\" fusion-imageframe imageframe-none imageframe-5 hover-type-none\"><img decoding=\"async\" width=\"720\" height=\"540\" title=\"Miliffico-Mood-Pages-Fotos-1\" src=\"https:\/\/miliffico.media-staging.at\/wp-content\/uploads\/2024\/08\/Miliffico-Mood-Pages-Fotos-1.jpg\" alt class=\"img-responsive wp-image-639\" srcset=\"https:\/\/miliffico.media-staging.at\/wp-content\/uploads\/2024\/08\/Miliffico-Mood-Pages-Fotos-1-200x150.jpg 200w, https:\/\/miliffico.media-staging.at\/wp-content\/uploads\/2024\/08\/Miliffico-Mood-Pages-Fotos-1-400x300.jpg 400w, https:\/\/miliffico.media-staging.at\/wp-content\/uploads\/2024\/08\/Miliffico-Mood-Pages-Fotos-1-600x450.jpg 600w, https:\/\/miliffico.media-staging.at\/wp-content\/uploads\/2024\/08\/Miliffico-Mood-Pages-Fotos-1.jpg 720w\" sizes=\"(max-width: 640px) 100vw, 600px\" \/><\/span><\/div><\/div><\/div><div class=\"fusion-layout-column fusion_builder_column fusion-builder-column-8 fusion_builder_column_1_2 1_2 fusion-flex-column\" style=\"--awb-bg-size:cover;--awb-width-large:50%;--awb-margin-top-large:0px;--awb-spacing-right-large:3.84%;--awb-margin-bottom-large:20px;--awb-spacing-left-large:3.84%;--awb-width-medium:50%;--awb-order-medium:0;--awb-spacing-right-medium:3.84%;--awb-spacing-left-medium:3.84%;--awb-width-small:100%;--awb-order-small:0;--awb-spacing-right-small:1.92%;--awb-spacing-left-small:1.92%;\"><div class=\"fusion-column-wrapper fusion-column-has-shadow fusion-flex-justify-content-flex-start fusion-content-layout-column\"><div class=\"fusion-text fusion-text-2\" style=\"--awb-font-size:15px;--awb-text-color:#0033a0;--awb-text-font-family:&quot;Instrument Sans Regular&quot;;--awb-text-font-style:normal;--awb-text-font-weight:400;\"><p>Luca Miliffi ha proseguito l&#8217;attivit\u00e0 di famiglia, trasformando l&#8217;azienda in un punto di riferimento per il tartufo in Austria. Ha saputo raccontare l&#8217;eccellenza del prodotto in modo innovativo, mettendo al centro la conoscenza delle sue origini e dei suoi usi. La distribuzione, sempre di altissimo livello, si \u00e8 arricchita con una vasta offerta di specialit\u00e0 alimentari italiane.  <\/p>\n<p>Quando si parla di alta gastronomia e cultura italiana, Miliffico \u00e8 punto di riferimento e garanzia di qualit\u00e0. Per questo seleziona con cura i migliori produttori in un\u2019ottica che non \u00e8 solo di qualit\u00e0, ma anche di cultura e sostenibilit\u00e0, per un prodotto di eccellenza e profondamente legato al territorio.<\/p>\n<\/div><\/div><\/div><\/div><\/div><\/p>\n","protected":false},"excerpt":{"rendered":"","protected":false},"author":1,"featured_media":0,"parent":0,"menu_order":0,"comment_status":"closed","ping_status":"closed","template":"100-width.php","meta":{"_themeisle_gutenberg_block_has_review":false,"footnotes":""},"class_list":["post-813","page","type-page","status-publish","hentry"],"_links":{"self":[{"href":"https:\/\/miliffico.media-staging.at\/it\/wp-json\/wp\/v2\/pages\/813","targetHints":{"allow":["GET"]}}],"collection":[{"href":"https:\/\/miliffico.media-staging.at\/it\/wp-json\/wp\/v2\/pages"}],"about":[{"href":"https:\/\/miliffico.media-staging.at\/it\/wp-json\/wp\/v2\/types\/page"}],"author":[{"embeddable":true,"href":"https:\/\/miliffico.media-staging.at\/it\/wp-json\/wp\/v2\/users\/1"}],"replies":[{"embeddable":true,"href":"https:\/\/miliffico.media-staging.at\/it\/wp-json\/wp\/v2\/comments?post=813"}],"version-history":[{"count":2,"href":"https:\/\/miliffico.media-staging.at\/it\/wp-json\/wp\/v2\/pages\/813\/revisions"}],"predecessor-version":[{"id":815,"href":"https:\/\/miliffico.media-staging.at\/it\/wp-json\/wp\/v2\/pages\/813\/revisions\/815"}],"wp:attachment":[{"href":"https:\/\/miliffico.media-staging.at\/it\/wp-json\/wp\/v2\/media?parent=813"}],"curies":[{"name":"wp","href":"https:\/\/api.w.org\/{rel}","templated":true}]}}