{"id":818,"date":"2024-08-24T17:36:54","date_gmt":"2024-08-24T15:36:54","guid":{"rendered":"https:\/\/miliffico.media-staging.at\/eventi\/"},"modified":"2025-01-02T14:00:14","modified_gmt":"2025-01-02T13:00:14","slug":"eventi","status":"publish","type":"page","link":"https:\/\/miliffico.media-staging.at\/it\/eventi\/","title":{"rendered":"eventi"},"content":{"rendered":"<p><div class=\"fusion-fullwidth fullwidth-box fusion-builder-row-1 fusion-flex-container has-pattern-background has-mask-background fusion-parallax-none hundred-percent-fullwidth non-hundred-percent-height-scrolling\" style=\"--awb-border-radius-top-left:0px;--awb-border-radius-top-right:0px;--awb-border-radius-bottom-right:0px;--awb-border-radius-bottom-left:0px;--awb-padding-top:15%;--awb-padding-bottom:10%;--awb-padding-top-small:30%;--awb-padding-bottom-small:30%;--awb-background-image:linear-gradient(180deg, #000000 0%,rgba(255,255,255,0) 30%),url(https:\/\/miliffico.media-staging.at\/wp-content\/uploads\/2025\/01\/Miliffico-Mood-Foto-2024-v6.jpg);;--awb-background-size:cover;--awb-flex-wrap:wrap;\" ><div class=\"fusion-builder-row fusion-row fusion-flex-align-items-flex-start fusion-flex-content-wrap\" style=\"width:104% !important;max-width:104% !important;margin-left: calc(-4% \/ 2 );margin-right: calc(-4% \/ 2 );\"><div class=\"fusion-layout-column fusion_builder_column fusion-builder-column-0 fusion_builder_column_1_1 1_1 fusion-flex-column\" style=\"--awb-bg-size:cover;--awb-width-large:100%;--awb-margin-top-large:0px;--awb-spacing-right-large:1.92%;--awb-margin-bottom-large:20px;--awb-spacing-left-large:1.92%;--awb-width-medium:100%;--awb-order-medium:0;--awb-spacing-right-medium:1.92%;--awb-spacing-left-medium:1.92%;--awb-width-small:100%;--awb-order-small:0;--awb-spacing-right-small:1.92%;--awb-spacing-left-small:1.92%;\"><div class=\"fusion-column-wrapper fusion-column-has-shadow fusion-flex-justify-content-flex-start fusion-content-layout-column\"><\/div><\/div><\/div><\/div><div class=\"fusion-fullwidth fullwidth-box fusion-builder-row-2 fusion-flex-container has-pattern-background has-mask-background hundred-percent-fullwidth non-hundred-percent-height-scrolling\" style=\"--awb-border-radius-top-left:0px;--awb-border-radius-top-right:0px;--awb-border-radius-bottom-right:0px;--awb-border-radius-bottom-left:0px;--awb-padding-top:10%;--awb-padding-right:5%;--awb-padding-left:5%;--awb-flex-wrap:wrap;\" ><div class=\"fusion-builder-row fusion-row fusion-flex-align-items-flex-start fusion-flex-content-wrap\" style=\"width:104% !important;max-width:104% !important;margin-left: calc(-4% \/ 2 );margin-right: calc(-4% \/ 2 );\"><div class=\"fusion-layout-column fusion_builder_column fusion-builder-column-1 fusion_builder_column_1_2 1_2 fusion-flex-column\" style=\"--awb-bg-size:cover;--awb-width-large:50%;--awb-margin-top-large:0px;--awb-spacing-right-large:6.528%;--awb-margin-bottom-large:20px;--awb-spacing-left-large:3.84%;--awb-width-medium:50%;--awb-order-medium:0;--awb-spacing-right-medium:6.528%;--awb-spacing-left-medium:3.84%;--awb-width-small:100%;--awb-order-small:0;--awb-spacing-right-small:1.92%;--awb-spacing-left-small:1.92%;\"><div class=\"fusion-column-wrapper fusion-column-has-shadow fusion-flex-justify-content-flex-start fusion-content-layout-column\"><div class=\"fusion-title title fusion-title-1 fusion-sep-none fusion-title-text fusion-title-size-one\" style=\"--awb-text-color:#0033a0;--awb-font-size:60px;\"><h1 class=\"fusion-title-heading title-heading-left\" style=\"font-family:&quot;Instrument Sans Regular&quot;;font-style:normal;font-weight:400;margin:0;font-size:1em;line-height:1;\">Eventi<\/h1><\/div><div class=\"fusion-text fusion-text-1\" style=\"--awb-font-size:15px;--awb-text-color:#0033a0;--awb-margin-top:5%;--awb-text-font-family:&quot;Instrument Sans Regular&quot;;--awb-text-font-style:normal;--awb-text-font-weight:400;\"><p>La febbre del tartufo porta un calendario ricco di eventi da settembre<\/p>\n<p>Ogni amante del tartufo conosce bene la sensazione di soffrire di febbre da tartufo. All&#8217;inizio di settembre si manifesta lentamente e riguarda soprattutto il proprio piacere culinario. Il profumo inconfondibile del tartufo pu\u00f2 letteralmente inebriare ogni amante e il primo incontro dell&#8217;anno diventa cos\u00ec un momento speciale, unico e soprattutto emozionante, pieno di gioia infantile.<\/p>\n<\/div><\/div><\/div><div class=\"fusion-layout-column fusion_builder_column fusion-builder-column-2 fusion_builder_column_1_2 1_2 fusion-flex-column\" style=\"--awb-bg-size:cover;--awb-width-large:50%;--awb-margin-top-large:0px;--awb-spacing-right-large:3.84%;--awb-margin-bottom-large:20px;--awb-spacing-left-large:3.84%;--awb-width-medium:50%;--awb-order-medium:0;--awb-spacing-right-medium:3.84%;--awb-spacing-left-medium:3.84%;--awb-width-small:100%;--awb-order-small:0;--awb-spacing-right-small:1.92%;--awb-spacing-left-small:1.92%;\"><div class=\"fusion-column-wrapper fusion-column-has-shadow fusion-flex-justify-content-flex-start fusion-content-layout-column\"><\/div><\/div><\/div><\/div><div class=\"fusion-fullwidth fullwidth-box fusion-builder-row-3 fusion-flex-container has-pattern-background has-mask-background hundred-percent-fullwidth non-hundred-percent-height-scrolling\" style=\"--awb-border-radius-top-left:0px;--awb-border-radius-top-right:0px;--awb-border-radius-bottom-right:0px;--awb-border-radius-bottom-left:0px;--awb-padding-top:10%;--awb-padding-right:5%;--awb-padding-bottom:10%;--awb-padding-left:5%;--awb-flex-wrap:wrap;\" ><div class=\"fusion-builder-row fusion-row fusion-flex-align-items-flex-start fusion-flex-content-wrap\" style=\"width:104% !important;max-width:104% !important;margin-left: calc(-4% \/ 2 );margin-right: calc(-4% \/ 2 );\"><div class=\"fusion-layout-column fusion_builder_column fusion-builder-column-3 fusion_builder_column_1_3 1_3 fusion-flex-column\" style=\"--awb-bg-size:cover;--awb-width-large:33.333333333333%;--awb-margin-top-large:0px;--awb-spacing-right-large:5.76%;--awb-margin-bottom-large:20px;--awb-spacing-left-large:5.76%;--awb-width-medium:33.333333333333%;--awb-order-medium:0;--awb-spacing-right-medium:5.76%;--awb-spacing-left-medium:5.76%;--awb-width-small:100%;--awb-order-small:0;--awb-spacing-right-small:1.92%;--awb-spacing-left-small:1.92%;\"><div class=\"fusion-column-wrapper fusion-column-has-shadow fusion-flex-justify-content-flex-start fusion-content-layout-column\"><div class=\"fusion-image-element \" style=\"--awb-caption-title-font-family:var(--h2_typography-font-family);--awb-caption-title-font-weight:var(--h2_typography-font-weight);--awb-caption-title-font-style:var(--h2_typography-font-style);--awb-caption-title-size:var(--h2_typography-font-size);--awb-caption-title-transform:var(--h2_typography-text-transform);--awb-caption-title-line-height:var(--h2_typography-line-height);--awb-caption-title-letter-spacing:var(--h2_typography-letter-spacing);\"><span class=\" fusion-imageframe imageframe-none imageframe-1 hover-type-zoomin\"><img decoding=\"async\" width=\"1260\" height=\"945\" title=\"Miliffico-Eventi-4\" src=\"https:\/\/miliffico.media-staging.at\/wp-content\/uploads\/2025\/01\/Miliffico-Eventi-4.jpg\" alt class=\"img-responsive wp-image-741\" srcset=\"https:\/\/miliffico.media-staging.at\/wp-content\/uploads\/2025\/01\/Miliffico-Eventi-4-200x150.jpg 200w, https:\/\/miliffico.media-staging.at\/wp-content\/uploads\/2025\/01\/Miliffico-Eventi-4-400x300.jpg 400w, https:\/\/miliffico.media-staging.at\/wp-content\/uploads\/2025\/01\/Miliffico-Eventi-4-600x450.jpg 600w, https:\/\/miliffico.media-staging.at\/wp-content\/uploads\/2025\/01\/Miliffico-Eventi-4-800x600.jpg 800w, https:\/\/miliffico.media-staging.at\/wp-content\/uploads\/2025\/01\/Miliffico-Eventi-4-1200x900.jpg 1200w, https:\/\/miliffico.media-staging.at\/wp-content\/uploads\/2025\/01\/Miliffico-Eventi-4.jpg 1260w\" sizes=\"(max-width: 640px) 100vw, 400px\" \/><\/span><\/div><div class=\"fusion-title title fusion-title-2 fusion-sep-none fusion-title-text fusion-title-size-three\" style=\"--awb-text-color:#0033a0;--awb-margin-top:10%;--awb-font-size:15px;\"><h3 class=\"fusion-title-heading title-heading-left\" style=\"font-family:&quot;Instrument Sans Regular&quot;;font-style:normal;font-weight:400;margin:0;font-size:1em;line-height:1;\">Data: 21.11.2024, 10:00 &#8211; 23.11.2024, 21:00<\/h3><\/div><div class=\"fusion-title title fusion-title-3 fusion-sep-none fusion-title-text fusion-title-size-three\" style=\"--awb-text-color:#0033a0;--awb-margin-top:0px;--awb-font-size:15px;\"><h3 class=\"fusion-title-heading title-heading-left\" style=\"font-family:&quot;Instrument Sans Regular&quot;;font-style:normal;font-weight:400;margin:0;font-size:1em;line-height:1;\">Luogo: Geschwister Rauch Trautmannsdorf 6 8343 Bad Gleichenberg Austria<\/h3><\/div><div class=\"fusion-title title fusion-title-4 fusion-sep-none fusion-title-text fusion-title-size-three\" style=\"--awb-text-color:#0033a0;--awb-font-size:25px;\"><h3 class=\"fusion-title-heading title-heading-left\" style=\"font-family:&quot;Instrument Sans Bold&quot;;font-style:normal;font-weight:400;margin:0;font-size:1em;line-height:1;\">Der gro\u00dfe Tr\u00fcffel-Tag bei Geschwister Rauch<\/h3><\/div><div class=\"fusion-text fusion-text-2\" style=\"--awb-font-size:15px;--awb-text-color:#0033a0;--awb-margin-top:5%;--awb-text-font-family:&quot;Instrument Sans Regular&quot;;--awb-text-font-style:normal;--awb-text-font-weight:400;\"><p>Presso Geschwister Rauch a Trautmannsdorf, dal 21 al 23 novembre, il tartufo sar\u00e0 celebrato al massimo livello. Richard Rauch guider\u00e0 personalmente un corso di cucina esclusivo sul tartufo bianco il 21. Il 22 e il 23, il &#8220;Grande Giorno del Tartufo&#8221; sar\u00e0 festeggiato al ristorante. Sonja e suo fratello Richard accoglieranno Luca Miliffi e i suoi pregiati tartufi in un&#8217;atmosfera idilliaca, offrendo un menu indimenticabile a base di tartufo, accompagnato da eccellenti vini. L&#8217;aroma del fungo pi\u00f9 pregiato del mondo, che per secoli \u00e8 stato esclusivamente utilizzato nella cucina rurale, \u00e8 indescrivibile.         <\/p>\n<\/div><div class=\"fusion-text fusion-text-3\" style=\"--awb-font-size:15px;--awb-text-color:#0033a0;--awb-margin-top:5%;--awb-text-font-family:&quot;Instrument Sans Regular&quot;;--awb-text-font-style:normal;--awb-text-font-weight:400;\"><p>Link: <a href=\"https:\/\/www.geschwister-rauch.at\/events\" target=\"_blank\" rel=\"noopener\">https:\/\/www.geschwister-rauch.at\/events<\/a><\/p>\n<\/div><\/div><\/div><div class=\"fusion-layout-column fusion_builder_column fusion-builder-column-4 fusion_builder_column_1_3 1_3 fusion-flex-column\" style=\"--awb-bg-size:cover;--awb-width-large:33.333333333333%;--awb-margin-top-large:0px;--awb-spacing-right-large:5.76%;--awb-margin-bottom-large:20px;--awb-spacing-left-large:5.76%;--awb-width-medium:33.333333333333%;--awb-order-medium:0;--awb-spacing-right-medium:5.76%;--awb-spacing-left-medium:5.76%;--awb-width-small:100%;--awb-order-small:0;--awb-spacing-right-small:1.92%;--awb-spacing-left-small:1.92%;\"><div class=\"fusion-column-wrapper fusion-column-has-shadow fusion-flex-justify-content-flex-start fusion-content-layout-column\"><div class=\"fusion-image-element \" style=\"--awb-caption-title-font-family:var(--h2_typography-font-family);--awb-caption-title-font-weight:var(--h2_typography-font-weight);--awb-caption-title-font-style:var(--h2_typography-font-style);--awb-caption-title-size:var(--h2_typography-font-size);--awb-caption-title-transform:var(--h2_typography-text-transform);--awb-caption-title-line-height:var(--h2_typography-line-height);--awb-caption-title-letter-spacing:var(--h2_typography-letter-spacing);\"><span class=\" fusion-imageframe imageframe-none imageframe-2 hover-type-zoomin\"><img decoding=\"async\" width=\"1260\" height=\"945\" title=\"Miliffico-Eventi-2\" src=\"https:\/\/miliffico.media-staging.at\/wp-content\/uploads\/2025\/01\/Miliffico-Eventi-2.jpg\" alt class=\"img-responsive wp-image-737\" srcset=\"https:\/\/miliffico.media-staging.at\/wp-content\/uploads\/2025\/01\/Miliffico-Eventi-2-200x150.jpg 200w, https:\/\/miliffico.media-staging.at\/wp-content\/uploads\/2025\/01\/Miliffico-Eventi-2-400x300.jpg 400w, https:\/\/miliffico.media-staging.at\/wp-content\/uploads\/2025\/01\/Miliffico-Eventi-2-600x450.jpg 600w, https:\/\/miliffico.media-staging.at\/wp-content\/uploads\/2025\/01\/Miliffico-Eventi-2-800x600.jpg 800w, https:\/\/miliffico.media-staging.at\/wp-content\/uploads\/2025\/01\/Miliffico-Eventi-2-1200x900.jpg 1200w, https:\/\/miliffico.media-staging.at\/wp-content\/uploads\/2025\/01\/Miliffico-Eventi-2.jpg 1260w\" sizes=\"(max-width: 640px) 100vw, 400px\" \/><\/span><\/div><div class=\"fusion-title title fusion-title-5 fusion-sep-none fusion-title-text fusion-title-size-three\" style=\"--awb-text-color:#0033a0;--awb-margin-top:10%;--awb-font-size:15px;\"><h3 class=\"fusion-title-heading title-heading-left\" style=\"font-family:&quot;Instrument Sans Regular&quot;;font-style:normal;font-weight:400;margin:0;font-size:1em;line-height:1;\">Data: 23.10.2024, 16:00 h<\/h3><\/div><div class=\"fusion-title title fusion-title-6 fusion-sep-none fusion-title-text fusion-title-size-three\" style=\"--awb-text-color:#0033a0;--awb-margin-top:0px;--awb-font-size:15px;\"><h3 class=\"fusion-title-heading title-heading-left\" style=\"font-family:&quot;Instrument Sans Regular&quot;;font-style:normal;font-weight:400;margin:0;font-size:1em;line-height:1;\">Luogo: Goldkost Baden Josefsplatz 3 2500 Baden Austria<\/h3><\/div><div class=\"fusion-title title fusion-title-7 fusion-sep-none fusion-title-text fusion-title-size-three\" style=\"--awb-text-color:#0033a0;--awb-font-size:25px;\"><h3 class=\"fusion-title-heading title-heading-left\" style=\"font-family:&quot;Instrument Sans Bold&quot;;font-style:normal;font-weight:400;margin:0;font-size:1em;line-height:1;\">Truffle Affair<\/h3><\/div><div class=\"fusion-text fusion-text-4\" style=\"--awb-font-size:15px;--awb-text-color:#0033a0;--awb-margin-top:5%;--awb-text-font-family:&quot;Instrument Sans Regular&quot;;--awb-text-font-style:normal;--awb-text-font-weight:400;\"><p>Per la prima volta, a Baden, si terr\u00e0 una serata esclusiva che comprende una cena gourmet e un mercato del tartufo nell&#8217;elegante ambiente del Goldkost Baden. Sotto la direzione dello chef stellato Alexander Mayer, gli ospiti vivranno un&#8217;esperienza culinaria indimenticabile, con creazioni a base di tartufo come protagoniste. <\/p>\n<\/div><div class=\"fusion-text fusion-text-5\" style=\"--awb-font-size:15px;--awb-text-color:#0033a0;--awb-margin-top:5%;--awb-text-font-family:&quot;Instrument Sans Regular&quot;;--awb-text-font-style:normal;--awb-text-font-weight:400;\"><p>Link: <a href=\"https:\/\/www.goldkost.at\/\" target=\"_blank\" rel=\"noopener\">https:\/\/www.goldkost.at\/<\/a><\/p>\n<\/div><\/div><\/div><div class=\"fusion-layout-column fusion_builder_column fusion-builder-column-5 fusion_builder_column_1_3 1_3 fusion-flex-column\" style=\"--awb-bg-size:cover;--awb-width-large:33.333333333333%;--awb-margin-top-large:0px;--awb-spacing-right-large:5.76%;--awb-margin-bottom-large:20px;--awb-spacing-left-large:5.76%;--awb-width-medium:33.333333333333%;--awb-order-medium:0;--awb-spacing-right-medium:5.76%;--awb-spacing-left-medium:5.76%;--awb-width-small:100%;--awb-order-small:0;--awb-spacing-right-small:1.92%;--awb-spacing-left-small:1.92%;\"><div class=\"fusion-column-wrapper fusion-column-has-shadow fusion-flex-justify-content-flex-start fusion-content-layout-column\"><div class=\"fusion-image-element \" style=\"--awb-caption-title-font-family:var(--h2_typography-font-family);--awb-caption-title-font-weight:var(--h2_typography-font-weight);--awb-caption-title-font-style:var(--h2_typography-font-style);--awb-caption-title-size:var(--h2_typography-font-size);--awb-caption-title-transform:var(--h2_typography-text-transform);--awb-caption-title-line-height:var(--h2_typography-line-height);--awb-caption-title-letter-spacing:var(--h2_typography-letter-spacing);\"><span class=\" fusion-imageframe imageframe-none imageframe-3 hover-type-zoomin\"><img decoding=\"async\" width=\"1260\" height=\"945\" title=\"Miliffico-Eventi-1\" src=\"https:\/\/miliffico.media-staging.at\/wp-content\/uploads\/2025\/01\/Miliffico-Eventi-1.jpg\" alt class=\"img-responsive wp-image-735\" srcset=\"https:\/\/miliffico.media-staging.at\/wp-content\/uploads\/2025\/01\/Miliffico-Eventi-1-200x150.jpg 200w, https:\/\/miliffico.media-staging.at\/wp-content\/uploads\/2025\/01\/Miliffico-Eventi-1-400x300.jpg 400w, https:\/\/miliffico.media-staging.at\/wp-content\/uploads\/2025\/01\/Miliffico-Eventi-1-600x450.jpg 600w, https:\/\/miliffico.media-staging.at\/wp-content\/uploads\/2025\/01\/Miliffico-Eventi-1-800x600.jpg 800w, https:\/\/miliffico.media-staging.at\/wp-content\/uploads\/2025\/01\/Miliffico-Eventi-1-1200x900.jpg 1200w, https:\/\/miliffico.media-staging.at\/wp-content\/uploads\/2025\/01\/Miliffico-Eventi-1.jpg 1260w\" sizes=\"(max-width: 640px) 100vw, 400px\" \/><\/span><\/div><div class=\"fusion-title title fusion-title-8 fusion-sep-none fusion-title-text fusion-title-size-three\" style=\"--awb-text-color:#0033a0;--awb-margin-top:10%;--awb-font-size:15px;\"><h3 class=\"fusion-title-heading title-heading-left\" style=\"font-family:&quot;Instrument Sans Regular&quot;;font-style:normal;font-weight:400;margin:0;font-size:1em;line-height:1;\">Data: 19.10.2024, 10:00 &#8211; 21.12.2024, 15:00<\/h3><\/div><div class=\"fusion-title title fusion-title-9 fusion-sep-none fusion-title-text fusion-title-size-three\" style=\"--awb-text-color:#0033a0;--awb-margin-top:0px;--awb-font-size:15px;\"><h3 class=\"fusion-title-heading title-heading-left\" style=\"font-family:&quot;Instrument Sans Regular&quot;;font-style:normal;font-weight:400;margin:0;font-size:1em;line-height:1;\">Posizione: Marco Simonis Bastei10<\/h3><\/div><div class=\"fusion-title title fusion-title-10 fusion-sep-none fusion-title-text fusion-title-size-three\" style=\"--awb-text-color:#0033a0;--awb-font-size:25px;\"><h3 class=\"fusion-title-heading title-heading-left\" style=\"font-family:&quot;Instrument Sans Bold&quot;;font-style:normal;font-weight:400;margin:0;font-size:1em;line-height:1;\">Tr\u00fcffelbrunch by Marco Simonis<\/h3><\/div><div class=\"fusion-text fusion-text-6\" style=\"--awb-font-size:15px;--awb-text-color:#0033a0;--awb-margin-top:5%;--awb-text-font-family:&quot;Instrument Sans Regular&quot;;--awb-text-font-style:normal;--awb-text-font-weight:400;\"><p>Presso Marco Simonis in Dominikanerbastei 10, dal 19 ottobre al 21 dicembre, ogni sabato si svolger\u00e0 un esclusivo brunch al tartufo in stile &#8220;Family Style&#8221;. I tartufi, che sono anche disponibili in loco, provengono da Luca Miliffi. Marco Simonis, gastronomo e mente creativa, ha ideato insieme all&#8217;esperto di tartufi Luca Miliffi questa esperienza culinaria unica.  <\/p>\n<\/div><div class=\"fusion-text fusion-text-7\" style=\"--awb-font-size:15px;--awb-text-color:#0033a0;--awb-margin-top:5%;--awb-text-font-family:&quot;Instrument Sans Regular&quot;;--awb-text-font-style:normal;--awb-text-font-weight:400;\"><p>Link: <a href=\"https:\/\/www.marcosimonis.com\/\" target=\"_blank\" rel=\"noopener\">https:\/\/www.marcosimonis.com\/<\/a><\/p>\n<\/div><\/div><\/div><\/div><\/div><\/p>\n","protected":false},"excerpt":{"rendered":"","protected":false},"author":1,"featured_media":0,"parent":0,"menu_order":0,"comment_status":"closed","ping_status":"closed","template":"100-width.php","meta":{"_themeisle_gutenberg_block_has_review":false,"footnotes":""},"class_list":["post-818","page","type-page","status-publish","hentry"],"_links":{"self":[{"href":"https:\/\/miliffico.media-staging.at\/it\/wp-json\/wp\/v2\/pages\/818","targetHints":{"allow":["GET"]}}],"collection":[{"href":"https:\/\/miliffico.media-staging.at\/it\/wp-json\/wp\/v2\/pages"}],"about":[{"href":"https:\/\/miliffico.media-staging.at\/it\/wp-json\/wp\/v2\/types\/page"}],"author":[{"embeddable":true,"href":"https:\/\/miliffico.media-staging.at\/it\/wp-json\/wp\/v2\/users\/1"}],"replies":[{"embeddable":true,"href":"https:\/\/miliffico.media-staging.at\/it\/wp-json\/wp\/v2\/comments?post=818"}],"version-history":[{"count":2,"href":"https:\/\/miliffico.media-staging.at\/it\/wp-json\/wp\/v2\/pages\/818\/revisions"}],"predecessor-version":[{"id":820,"href":"https:\/\/miliffico.media-staging.at\/it\/wp-json\/wp\/v2\/pages\/818\/revisions\/820"}],"wp:attachment":[{"href":"https:\/\/miliffico.media-staging.at\/it\/wp-json\/wp\/v2\/media?parent=818"}],"curies":[{"name":"wp","href":"https:\/\/api.w.org\/{rel}","templated":true}]}}